{"id":1632,"date":"2023-12-07T22:19:55","date_gmt":"2023-12-07T20:19:55","guid":{"rendered":"https:\/\/rerunit.eu\/?page_id=1632"},"modified":"2023-12-14T10:27:58","modified_gmt":"2023-12-14T08:27:58","slug":"uvjeti-privatnosti","status":"publish","type":"page","link":"https:\/\/rerunit.eu\/hr\/uvjeti-privatnosti\/","title":{"rendered":"Uvjeti privatnosti"},"content":{"rendered":"<p>U RERUN-u, dostupnom na <a href=\"mailto:rerun@rerunit.eu\">rerun@rerunit.eu <\/a>, jedan od na\u0161ih glavnih prioriteta je privatnost na\u0161ih posjetitelja. Ovaj dokument o Pravilima privatnosti sadr\u017ei vrste informacija koje RERUN prikuplja i bilje\u017ei te kako ih koristimo.<\/p>\n<p>Ako imate dodatnih pitanja ili trebate vi\u0161e informacija o na\u0161oj Politici privatnosti, slobodno nas kontaktirajte.<\/p>\n<p><strong>Op\u0107a uredba o za\u0161titi podataka (GDPR)<\/strong><\/p>\n<p>Mi smo voditelj obrade va\u0161ih podataka.<\/p>\n<p>RERUN pravni temelj za prikupljanje i kori\u0161tenje osobnih podataka opisanih u ovim Pravilima privatnosti ovisi o osobnim podacima koje prikupljamo i specifi\u010dnom kontekstu u kojem prikupljamo podatke:<\/p>\n<ul>\n<li>RERUN treba izvr\u0161iti ugovor s vama<\/li>\n<li>Dali ste RERUN-u dopu\u0161tenje da to u\u010dini<\/li>\n<li>Obrada Va\u0161ih osobnih podataka je u RERUN legitimnim interesima<\/li>\n<li>RERUN se mora pridr\u017eavati zakona<\/li>\n<\/ul>\n<p>RERUN \u0107e zadr\u017eati va\u0161e osobne podatke samo onoliko dugo koliko je potrebno za svrhe navedene u ovoj Politici privatnosti. Zadr\u017eat \u0107emo i koristiti va\u0161e podatke u mjeri u kojoj je to potrebno za po\u0161tivanje na\u0161ih zakonskih obveza, rje\u0161avanje sporova i provo\u0111enje na\u0161ih pravila.<\/p>\n<p>Ako ste stanovnik Europskog gospodarskog prostora (EGP), imate odre\u0111ena prava na za\u0161titu podataka. Ako \u017eelite biti informirani koje osobne podatke imamo o vama i ako \u017eelite da budu uklonjeni iz na\u0161ih sustava, kontaktirajte nas.<\/p>\n<p>U odre\u0111enim okolnostima imate sljede\u0107a prava na za\u0161titu podataka:<\/p>\n<ul>\n<li>Pravo na pristup, a\u017euriranje ili brisanje podataka koje imamo o vama<\/li>\n<li>Pravo na ispravak<\/li>\n<li>Pravo na prigovor<\/li>\n<li>Pravo ograni\u010denja<\/li>\n<li>Pravo na prenosivost podataka<\/li>\n<li>Pravo na povla\u010denje privole<\/li>\n<\/ul>\n<h2><strong>Log datoteke<\/strong><\/h2>\n<p>RERUN slijedi standardni postupak kori\u0161tenja log datoteka. Ove datoteke bilje\u017ee posjetitelje kada posje\u0107uju web stranice. Sve hosting tvrtke to rade i dio su analitike hosting usluga. Podaci prikupljeni datotekama dnevnika uklju\u010duju adrese internetskog protokola (IP), vrstu preglednika, davatelja internetskih usluga (ISP), oznaku datuma i vremena, stranice za upu\u0107ivanje\/izlaz i eventualni broj klikova. Oni nisu povezani s bilo kakvim podacima koji mogu osobno identificirati. Svrha informacija je analiza trendova, administriranje stranice, pra\u0107enje kretanja korisnika na web stranici i prikupljanje demografskih podataka.<\/p>\n<h2><strong>Kola\u010di\u0107i<\/strong><\/h2>\n<p>Kao i svaka druga web stranica, RERUN koristi &#8216;kola\u010di\u0107e&#8217;. Ovi se kola\u010di\u0107i koriste za pohranjivanje informacija uklju\u010duju\u0107i postavke posjetitelja i stranice na web stranici kojima je posjetitelj pristupio ili ih je posjetio. Podaci se koriste za optimizaciju korisni\u010dkog iskustva prilagodbom sadr\u017eaja na\u0161e web stranice na temelju vrste preglednika posjetitelja i\/ili drugih informacija.<\/p>\n<h2><strong>Pravila privatnosti<\/strong><\/h2>\n<p>Mo\u017eete pogledati ovaj popis kako biste prona\u0161li Pravila privatnosti za svakog od ogla\u0161iva\u010dkih partnera RERUN-a.<\/p>\n<p>Oglasni poslu\u017eitelji ili oglasne mre\u017ee tre\u0107ih strana koriste tehnologije kao \u0161to su kola\u010di\u0107i, JavaScript ili Web Beacons koji se koriste u njihovim oglasima i poveznicama koje se pojavljuju na RERUN-u, a koje se \u0161alju izravno u preglednik korisnika. Oni automatski primaju va\u0161u IP adresu kada se to dogodi. Te se tehnologije koriste za mjerenje u\u010dinkovitosti njihovih reklamnih kampanja i\/ili za personalizaciju reklamnog sadr\u017eaja koji vidite na web stranicama koje posje\u0107ujete.<\/p>\n<p>Imajte na umu da RERUN nema pristup niti kontrolu nad ovim kola\u010di\u0107ima koje koriste ogla\u0161iva\u010di tre\u0107ih strana.<\/p>\n<h2><strong>Pravila privatnosti tre\u0107ih strana<\/strong><\/h2>\n<p>RERUN-ova Pravila o privatnosti ne odnose se na druge ogla\u0161iva\u010de ili web stranice. Stoga vam savjetujemo da za detaljnije informacije pogledate odnosnu Politiku privatnosti ovih poslu\u017eitelja oglasa tre\u0107ih strana. Mo\u017ee uklju\u010divati njihovu praksu i upute o tome kako isklju\u010diti odre\u0111ene opcije.<\/p>\n<p>Mo\u017eete odabrati da onemogu\u0107ite kola\u010di\u0107e putem opcija preglednika. Detaljnije informacije o upravljanju kola\u010di\u0107ima s odre\u0111enim web preglednicima mogu se prona\u0107i na odgovaraju\u0107im web stranicama preglednika.<\/p>\n<h2><strong>Informacije za djecu<\/strong><\/h2>\n<p>Jo\u0161 jedan dio na\u0161eg prioriteta je za\u0161tita djece tijekom kori\u0161tenja interneta. Poti\u010demo roditelje i skrbnike da promatraju, sudjeluju i\/ili nadziru i usmjeravaju svoje online aktivnosti.<\/p>\n<p>RERUN svjesno ne prikuplja nikakve osobne podatke od djece mla\u0111e od 13 godina. Ako mislite da je va\u0161e dijete dalo ovu vrstu informacija na na\u0161oj web stranici, preporu\u010dujemo vam da nas odmah kontaktirate, a mi \u0107emo u\u010diniti sve \u0161to je u na\u0161oj mo\u0107i da ih odmah uklonimo takve informacije iz na\u0161e evidencije.<\/p>\n<h2><strong>Samo online pravila o privatnosti<\/strong><\/h2>\n<p>Na\u0161a Pravila o privatnosti odnose se samo na na\u0161e online aktivnosti i vrijede za posjetitelje na\u0161e web stranice o informacijama koje dijele i prikupljaju u RERUN-u. Ova se politika ne odnosi na informacije prikupljene izvan mre\u017ee ili putem drugih kanala osim ove web stranice.<\/p>\n<h2><strong>Pristanak<\/strong><\/h2>\n<p>Kori\u0161tenjem na\u0161e web stranice, ovime pristajete na na\u0161u Politiku privatnosti i sla\u017eete se s njezinim uvjetima.<\/p>\n","protected":false},"excerpt":{"rendered":"<p>U RERUN-u, dostupnom na rerun@rerunit.eu , jedan od na\u0161ih glavnih prioriteta je privatnost na\u0161ih posjetitelja. Ovaj dokument o Pravilima privatnosti<\/p>\n","protected":false},"author":1,"featured_media":0,"parent":0,"menu_order":17,"comment_status":"closed","ping_status":"closed","template":"","meta":{"_monsterinsights_skip_tracking":false,"_monsterinsights_sitenote_active":false,"_monsterinsights_sitenote_note":"","_monsterinsights_sitenote_category":0,"footnotes":""},"class_list":["post-1632","page","type-page","status-publish","hentry"],"yoast_head":"<!-- This site is optimized with the Yoast SEO plugin v23.7 - https:\/\/yoast.com\/wordpress\/plugins\/seo\/ -->\n<title>Uvjeti privatnosti &#8211; Rerun<\/title>\n<meta name=\"robots\" content=\"noindex, nofollow\" \/>\n<meta property=\"og:locale\" content=\"hr_HR\" \/>\n<meta property=\"og:type\" content=\"article\" \/>\n<meta property=\"og:title\" content=\"Uvjeti privatnosti &#8211; Rerun\" \/>\n<meta property=\"og:description\" content=\"U RERUN-u, dostupnom na rerun@rerunit.eu , jedan od na\u0161ih glavnih prioriteta je privatnost na\u0161ih posjetitelja. Ovaj dokument o Pravilima privatnosti\" \/>\n<meta property=\"og:url\" content=\"https:\/\/rerunit.eu\/hr\/uvjeti-privatnosti\/\" \/>\n<meta property=\"og:site_name\" content=\"Rerun\" \/>\n<meta property=\"article:modified_time\" content=\"2023-12-14T08:27:58+00:00\" \/>\n<meta name=\"twitter:card\" content=\"summary_large_image\" \/>\n<meta name=\"twitter:label1\" content=\"Procijenjeno vrijeme \u010ditanja\" \/>\n\t<meta name=\"twitter:data1\" content=\"3 minute\" \/>\n<script type=\"application\/ld+json\" class=\"yoast-schema-graph\">{\"@context\":\"https:\/\/schema.org\",\"@graph\":[{\"@type\":\"WebPage\",\"@id\":\"https:\/\/rerunit.eu\/hr\/uvjeti-privatnosti\/\",\"url\":\"https:\/\/rerunit.eu\/hr\/uvjeti-privatnosti\/\",\"name\":\"Uvjeti privatnosti &#8211; Rerun\",\"isPartOf\":{\"@id\":\"https:\/\/rerunit.eu\/hr\/#website\"},\"datePublished\":\"2023-12-07T20:19:55+00:00\",\"dateModified\":\"2023-12-14T08:27:58+00:00\",\"breadcrumb\":{\"@id\":\"https:\/\/rerunit.eu\/hr\/uvjeti-privatnosti\/#breadcrumb\"},\"inLanguage\":\"hr\",\"potentialAction\":[{\"@type\":\"ReadAction\",\"target\":[\"https:\/\/rerunit.eu\/hr\/uvjeti-privatnosti\/\"]}]},{\"@type\":\"BreadcrumbList\",\"@id\":\"https:\/\/rerunit.eu\/hr\/uvjeti-privatnosti\/#breadcrumb\",\"itemListElement\":[{\"@type\":\"ListItem\",\"position\":1,\"name\":\"Naslovna\",\"item\":\"https:\/\/rerunit.eu\/hr\/\"},{\"@type\":\"ListItem\",\"position\":2,\"name\":\"Uvjeti privatnosti\"}]},{\"@type\":\"WebSite\",\"@id\":\"https:\/\/rerunit.eu\/hr\/#website\",\"url\":\"https:\/\/rerunit.eu\/hr\/\",\"name\":\"Rerun\",\"description\":\"A story of rebirth, resilience and responsibility\",\"potentialAction\":[{\"@type\":\"SearchAction\",\"target\":{\"@type\":\"EntryPoint\",\"urlTemplate\":\"https:\/\/rerunit.eu\/hr\/?s={search_term_string}\"},\"query-input\":{\"@type\":\"PropertyValueSpecification\",\"valueRequired\":true,\"valueName\":\"search_term_string\"}}],\"inLanguage\":\"hr\"}]}<\/script>\n<!-- \/ Yoast SEO plugin. -->","yoast_head_json":{"title":"Uvjeti privatnosti &#8211; Rerun","robots":{"index":"noindex","follow":"nofollow"},"og_locale":"hr_HR","og_type":"article","og_title":"Uvjeti privatnosti &#8211; Rerun","og_description":"U RERUN-u, dostupnom na rerun@rerunit.eu , jedan od na\u0161ih glavnih prioriteta je privatnost na\u0161ih posjetitelja. Ovaj dokument o Pravilima privatnosti","og_url":"https:\/\/rerunit.eu\/hr\/uvjeti-privatnosti\/","og_site_name":"Rerun","article_modified_time":"2023-12-14T08:27:58+00:00","twitter_card":"summary_large_image","twitter_misc":{"Procijenjeno vrijeme \u010ditanja":"3 minute"},"schema":{"@context":"https:\/\/schema.org","@graph":[{"@type":"WebPage","@id":"https:\/\/rerunit.eu\/hr\/uvjeti-privatnosti\/","url":"https:\/\/rerunit.eu\/hr\/uvjeti-privatnosti\/","name":"Uvjeti privatnosti &#8211; Rerun","isPartOf":{"@id":"https:\/\/rerunit.eu\/hr\/#website"},"datePublished":"2023-12-07T20:19:55+00:00","dateModified":"2023-12-14T08:27:58+00:00","breadcrumb":{"@id":"https:\/\/rerunit.eu\/hr\/uvjeti-privatnosti\/#breadcrumb"},"inLanguage":"hr","potentialAction":[{"@type":"ReadAction","target":["https:\/\/rerunit.eu\/hr\/uvjeti-privatnosti\/"]}]},{"@type":"BreadcrumbList","@id":"https:\/\/rerunit.eu\/hr\/uvjeti-privatnosti\/#breadcrumb","itemListElement":[{"@type":"ListItem","position":1,"name":"Naslovna","item":"https:\/\/rerunit.eu\/hr\/"},{"@type":"ListItem","position":2,"name":"Uvjeti privatnosti"}]},{"@type":"WebSite","@id":"https:\/\/rerunit.eu\/hr\/#website","url":"https:\/\/rerunit.eu\/hr\/","name":"Rerun","description":"A story of rebirth, resilience and responsibility","potentialAction":[{"@type":"SearchAction","target":{"@type":"EntryPoint","urlTemplate":"https:\/\/rerunit.eu\/hr\/?s={search_term_string}"},"query-input":{"@type":"PropertyValueSpecification","valueRequired":true,"valueName":"search_term_string"}}],"inLanguage":"hr"}]}},"_links":{"self":[{"href":"https:\/\/rerunit.eu\/hr\/wp-json\/wp\/v2\/pages\/1632"}],"collection":[{"href":"https:\/\/rerunit.eu\/hr\/wp-json\/wp\/v2\/pages"}],"about":[{"href":"https:\/\/rerunit.eu\/hr\/wp-json\/wp\/v2\/types\/page"}],"author":[{"embeddable":true,"href":"https:\/\/rerunit.eu\/hr\/wp-json\/wp\/v2\/users\/1"}],"replies":[{"embeddable":true,"href":"https:\/\/rerunit.eu\/hr\/wp-json\/wp\/v2\/comments?post=1632"}],"version-history":[{"count":1,"href":"https:\/\/rerunit.eu\/hr\/wp-json\/wp\/v2\/pages\/1632\/revisions"}],"predecessor-version":[{"id":1633,"href":"https:\/\/rerunit.eu\/hr\/wp-json\/wp\/v2\/pages\/1632\/revisions\/1633"}],"wp:attachment":[{"href":"https:\/\/rerunit.eu\/hr\/wp-json\/wp\/v2\/media?parent=1632"}],"curies":[{"name":"wp","href":"https:\/\/api.w.org\/{rel}","templated":true}]}}