{"id":1642,"date":"2023-12-07T22:36:07","date_gmt":"2023-12-07T20:36:07","guid":{"rendered":"https:\/\/rerunit.eu\/?page_id=1642"},"modified":"2023-12-14T10:27:50","modified_gmt":"2023-12-14T08:27:50","slug":"1642-2","status":"publish","type":"page","link":"https:\/\/rerunit.eu\/hr\/1642-2\/","title":{"rendered":"Uvjeti poslovanja"},"content":{"rendered":"<p><strong>Naziv i skra\u0107eni naziv tvrtke<\/strong>;<\/p>\n<p><strong>Puni naziv<\/strong>: Ani\u0107 Holding Plus d.o.o. za trgovinu i usluge<\/p>\n<p><strong>Skra\u0107eni naziv<\/strong>: Ani\u0107 Holding Plus d.o.o.<\/p>\n<p><strong>Sjedi\u0161te tvrtke<\/strong> &#8211; Trg bana Josipa Jela\u010di\u0107a 1, Zagreb<\/p>\n<p><strong>Sud kod kojega je tvrtka upisana u Sudski registar<\/strong> \u2013 Trgova\u010dki sud u Zagrebu<\/p>\n<p><strong>Broj pod kojim je tvrtka upisana u Sudski registar \u2013 MBS<\/strong>: 080324214<\/p>\n<p><strong>OIB<\/strong>: 61238079664<\/p>\n<p>Iznos temeljnog kapitala trgova\u010dkog dru\u0161tva, te da li je temeljni kapital upla\u0107en u cijelosti \u2013<\/p>\n<p>Temeljni kapital u iznosu od 373.080,00 EUR (2.811.000,00 kn) upla\u0107en u cijelosti<\/p>\n<p>Ukoliko nije upla\u0107en u cijelosti, potrebno je navesti koji dio temeljnog kapitala nije upla\u0107en &#8212;&#8212;&#8212;&#8212;&#8212;&#8212;&#8212;-<\/p>\n<p>Kod dioni\u010dkog dru\u0161tva, ukupan broj izdanih dionica i njihovi nominalni iznosi &#8212;&#8212;&#8212;&#8212;&#8212;&#8212;&#8212;&#8212;<\/p>\n<p><strong>Prezimena i najmanje jedno ime \u010dlana Uprave dru\u0161tva<\/strong> \u2013 Damir Ani\u0107, jedini osniva\u010d<\/p>\n<p>Kod dioni\u010dkog dru\u0161tva \u010dlanovi uprave, odnosno izvr\u0161ni direktori i predsjednik nadzornog odnosno upravnog odbora- &#8212;&#8212;&#8212;&#8212;&#8212;&#8212;-<\/p>\n<p><strong>Tvrtka i sjedi\u0161te institucije kod koje se dr\u017ei ra\u010dun i broj tog ra\u010duna<\/strong> &#8211; Addiko Bank d.d., Slavonska avenija 6, 10000 Zagreb, IBAN: HR5025000091101022589, SWIFT: HAABHR22<\/p>\n<p>&nbsp;<\/p>\n<p><strong>UVJETI POSLOVANJA<\/strong><\/p>\n<p>Sukladno odredbama Zakona o za\u0161titi potro\u0161a\u010da (Narodne novine broj: 19\/22), Zakona o elektroni\u010dkoj trgovini (Narodne novine broj: 173\/03, 67\/08, 36\/09, 130\/11, 30\/14, 32\/19), Zakona o obveznim odnosima (Narodne novine broj: 35\/05, 41\/08, 125\/11, 78\/15, 29\/18, 126\/21, 114\/22, 156\/22) i Op\u0107e uredbe o za\u0161titi osobnih podataka- GDPR, sastavljeni su Op\u0107i uvjeti poslovanja internetske trgovine rerunit.eu koje pru\u017eaju Vama, na\u0161im korisnicima, osnovne podatke vezano za na\u0161e internet poslovanje.<\/p>\n<p>Op\u0107i uvjeti definiraju rad internetske trgovine rerunit.eu, reguliraju poslovni odnos izme\u0111u rerunit.eu i korisnika, te ure\u0111uju prava i obveze korisnika i trgovine. Kori\u0161tenjem na\u0161e internetske stranice, Vi kao korisnik potvr\u0111ujete da ste u potpunosti upoznati i suglasni sa Op\u0107im uvjetima poslovanja.<\/p>\n<p>Svi ugovorni odnosi izme\u0111u kupca i trgovca u vezi s kupnjom proizvoda na internet stranici, ure\u0111eni su Op\u0107im uvjetima. Tekst Op\u0107ih uvjeta poslovanja mo\u017ee se promijeniti, nadopuniti, a prava i obveze Kupca i Prodavatelja ure\u0111eni su onim tekstom Op\u0107ih uvjeta koji je na snazi u trenutku kada je Kupac poslao narud\u017ebu putem e- maila.<\/p>\n<p>&nbsp;<\/p>\n<p><strong>KOMUNIKACIJA<\/strong><\/p>\n<p>Sukladno odredbama Zakona o elektroni\u010dkim komunikacijama (Narodne novine broj: 76\/22) s korisnikom \u0107emo kontaktirati sredstvima komunikacije na daljinu, putem e-mail adrese <u><a href=\"mailto:rerun@rerunit.eu\">rerun@rerunit.eu<\/a><\/u><\/p>\n<p>&nbsp;<\/p>\n<p><strong>PRU\u017dANJE INFORMACIJA<\/strong><\/p>\n<p>Internet trgovina rerunit.eu se obvezuje Kupcu pru\u017eiti potrebne informacije kao i<\/p>\n<p>promjene tih informacija prije preuzimanja ugovorne obveze i to sukladno \u010dlanku 60. Zakona o za\u0161titi potro\u0161a\u010da:<\/p>\n<p>&nbsp;<\/p>\n<p>&#8211; podatke o samom obrtu; naziv i sjedi\u0161te<\/p>\n<p>&#8211; kontakt podatke<\/p>\n<p>&#8211; na\u010din komunikacije<\/p>\n<p>&#8211; glavna obilje\u017eja proizvoda<\/p>\n<p>&#8211; dostupnost proizvoda<\/p>\n<p>&#8211; na\u010din izvr\u0161enja narud\u017ebe<\/p>\n<p>&#8211; odre\u0111ene cijene<\/p>\n<p>&#8211; uvjeti i na\u010din pla\u0107anja<\/p>\n<p>&#8211; izdavanje ra\u010duna<\/p>\n<p>&#8211; uvjete dostave<\/p>\n<p>&#8211; obrazac, uvjeti, rokovi i postupak jednostranog raskida ugovora<\/p>\n<p>&#8211; tro\u0161kovi povrata robe<\/p>\n<p>&#8211; odgovornost za materijalne nedostatke robe<\/p>\n<p>&nbsp;<\/p>\n<p><strong>KUPAC INTERNET TRGOVINE<\/strong><\/p>\n<p>Kupac je svaka osoba koja preko internet trgovine s trgovcem ima sklopljen va\u017ee\u0107i ugovor o kupnji proizvoda.<\/p>\n<p>Kupac se mo\u017ee registrirati na e-trgovini ili kupovati bez registracije.<\/p>\n<p>Kupac na internet trgovini se definira kao kupac koji pri kupnji nije imao fizi\u010dki kontakt sa proizvodom, a proizvod pla\u0107a na na\u010din predvi\u0111en u Op\u0107im uvjetima, nakon \u010dega slijedi dostava na odabranu adresu.<\/p>\n<p>Kupac na internet trgovini je svjestan \u010dinjenice da je kod internetske trgovine mogu\u0107e da do\u0111e do prekida usluga i da takvi doga\u0111aji predstavljaju vi\u0161u silu te za njih internet trgovina rerunit.eu nije odgovorna.<\/p>\n<p>Nadalje, Kupac je svjestan i prihva\u0107a da Internet trgovina nije odgovorna za bilo kakav gubitak podataka do kojeg mo\u017ee do\u0107i za vrijeme prijenosa informacija, a u slu\u010daju prekida internetske veze ili drugih pote\u0161ko\u0107a povezanim s internet uslugom.<\/p>\n<p>Kupac je tako\u0111er svjestan da je mogu\u0107e da pristup na\u0161oj stranici ponekad mo\u017ee biti u prekidu ili isklju\u010den zbog pote\u0161ko\u0107e sa uspostavom mre\u017ee, \u0161to je tako\u0111er izvan mo\u0107i trgovca.<\/p>\n<p>Kupac mo\u017ee biti isklju\u010divo punoljetna i poslovno sposobna osoba.<\/p>\n<p>&nbsp;<\/p>\n<p><strong>USLUGE KOJE VAM PRU\u017dA NA\u0160A WEB TRGOVINA<\/strong><\/p>\n<p>Prodaja gotovih proizvoda od recikliranih materijala.<\/p>\n<p>&nbsp;<\/p>\n<p><strong>CIJENE<\/strong><\/p>\n<p>U internet trgovini prikazane su redovne cijene proizvoda, popusti te akcijske cijene proizvoda, koji \u0107e biti posebno nazna\u010deni ukoliko su u tom trenutku aktualni.<\/p>\n<p>Sama ponuda i cijene proizvoda podlo\u017eni su promjenama zbog prirode internet poslovanja ali \u0107e se isto tako pravovremeno i savjesno a\u017eurirati.<\/p>\n<p>REDOVNA CIJENA Redovna cijena je osnovna cijena ispisana uz sam proizvod.<\/p>\n<p>Internet trgovina je ovla\u0161tena mijenjati cijene proizvoda bez prethodne najave \u0161to \u0107e se naravno a\u017eurno upisivati na Internet stranici kraj pojedinog proizvoda. Sva naru\u010dena roba bit \u0107e isporu\u010dena po cijenama koje su vrijedile u trenutku sklapanja ugovora<\/p>\n<p>POPUSTI I AKCIJE U slu\u010daju postojanja istih, biti \u0107e objavljene na stranici internet trgovine i dru\u0161tvenim mre\u017eama. Tako\u0111er, akcijske cijene su jasno istaknute na stranici, uz sam proizvod.<\/p>\n<p>&nbsp;<\/p>\n<p><strong>SKLAPANJE UGOVORA i POTVRDA O SKLOPLJENOM UGOVORU <\/strong><\/p>\n<p>Sukladno odredbama \u010dlanka 9. stavka 1. Zakona o elektroni\u010dkoj trgovini, sklapanje ugovora mogu\u0107e je elektroni\u010dkim putem, odnosno u elektroni\u010dkom obliku.<\/p>\n<p>Ugovor se sklapa u svrhu kupovine robe putem rerunit.eu uz pla\u0107anje kupoprodajne cijene. Kupoprodajni ugovor na daljinu se sklapa sredstvima daljinske komunikacije i to putem internet narud\u017ebe na web trgovini.<\/p>\n<p>Predmetni ugovor izme\u0111u rerunit.eu i Kupca, zaklju\u010den je u trenutku kada Kupac po\u0161alje potvrdu o prihva\u0107anju dane ponude sukladno to\u010dki 7.h. Od tog trenutka cijene i drugi uvjeti vi\u0161e nisu promjenjivi i vrijede i za Prodavatelja i za Kupca.<\/p>\n<p>Kupcem se u ovom smislu smatra osoba \u010diji su podaci navedeni pri predaji narud\u017ebe. Kupac je du\u017ean provjeriti to\u010dnost podataka prije predaje narud\u017ebe.<\/p>\n<p>U trenutku kada Kupac potvrdi prihva\u0107anje ponude iz to\u010dke 7.h., ugovor o kupoprodaji je sklopljen i nastupaju sve pravne posljedice navedene u ovim Op\u0107im uvjetima.<\/p>\n<p>&nbsp;<\/p>\n<p><strong>OBAVIJESTI O KUPNJI I SKLOPLJENOM KUPOPRODAJNOM UGOVORU <\/strong><\/p>\n<p>Nakon prihva\u0107anje ponude kre\u0107e izrada naru\u010dene robe.<\/p>\n<p>Internetska trgovina rerunit.eu izra\u0111uje i priprema Va\u0161u narud\u017ebu, te nakon primljene uplate, sukladno dogovoru, i otprema robu te o tome obavje\u0161tava kupca elektroni\u010dkom po\u0161tom.<\/p>\n<p>U slu\u010daju bilo kakvih ka\u0161njenja, rerunit.eu \u0107e tijekom cijelog tog razdoblja elektroni\u010dkim putem obavje\u0161tavati kupca i navoditi a\u017eurirane informacije u vezi s isporukom proizvoda.<\/p>\n<p>Ukoliko trgovina rerunit.eu nije u mogu\u0107nosti isporu\u010diti pojedine proizvode, pravovremeno \u0107emo Vam poslati obavijest o otkazivanju narud\u017ebe.<\/p>\n<p>&nbsp;<\/p>\n<p><strong>NA\u010cIN PLA\u0106ANJA <\/strong><\/p>\n<p>Pla\u0107anje se vr\u0161i u valuti EURO i sve su cijene izra\u017eene u valuti EURO.<\/p>\n<p>U internetskoj trgovini svojim kupcima omogu\u0107ujemo pla\u0107anje direktnom bankovnom transakcijom\/uplatom na ra\u010dun.<\/p>\n<p>Podaci za uplatu su: IBAN: HR <strong>HR5025000091101022589 <\/strong>otvoren kod Addiko Bank<\/p>\n<p>Primatelj: Ani\u0107 holding plus d.o.o.<\/p>\n<p>&nbsp;<\/p>\n<p><strong>IZDAVANJE RA\u010cUNA<\/strong><\/p>\n<p>rerunit.eu \u0107e kupcu, sukladno dogovoru, dostaviti ra\u010dun:<\/p>\n<p>&#8211; u po\u0161iljci, zajedno s naru\u010denom robom<\/p>\n<p>&#8211; putem e-mail adrese<\/p>\n<p>&#8211; drugim sredstvom elektroni\u010dke komunikacije<\/p>\n<p>Na ra\u010dunu je to\u010dno odre\u0111ena cijena i svi tro\u0161kovi povezani s kupnjom. Kupac je du\u017ean provjeriti to\u010dnost podataka prije predaje narud\u017ebe. Naknadno ulo\u017eene prigovore o ispravnosti izdanih ra\u010duna ne uzimamo u obzir.<\/p>\n<p>&nbsp;<\/p>\n<p><strong>DOSTAVA<\/strong><\/p>\n<p>rerunit.eu dostavlja kupcima robu putem dostavne slu\u017ebe.<\/p>\n<p>Internet trgovina rerunit.eu je obvezna isporu\u010diti naru\u010denu robu u dogovorenoj koli\u010dini i stanju i to na adresu koju je kupac naveo u svojoj narud\u017ebi.<\/p>\n<p>Dostava za na\u0161e proizvode je besplatna.<\/p>\n<p>Roba se smatra isporu\u010denom kada kupac u pisanom obliku potvrdi njezino prihva\u0107anje na\u0161em partneru ili kurirskoj slu\u017ebi ili ako do\u0111e do ka\u0161njenja s preuzimanjem.<\/p>\n<p>Sukladno odredbama Zakona o obveznim odnosima, rizik od slu\u010dajnog o\u0161te\u0107enja ili uni\u0161tavanja proizvoda, prelazi sa trgovca na kupca u trenutku kada trgovac isporu\u010di proizvod korisniku ili kad kupac do\u0111e u zaka\u0161njenje sa preuzimanjem proizvoda, a trgovac mu ga je stavio na raspolaganje.<\/p>\n<p>&nbsp;<\/p>\n<p><strong>PRAVO NA JEDNOSTRANI RASKID UGOVORA I POVRAT ROBE<\/strong><\/p>\n<p>Pravo na jednostrani raskid ugovora od strane Kupca ure\u0111en je odgovaraju\u0107im odredbama Zakona o za\u0161titi potro\u0161a\u010da vezano za ugovor sklopljen na daljinu ili ugovor sklopljen izvan prostorija Prodavatelja.<\/p>\n<p>Sukladno \u010dlanku 79. Zakona o za\u0161titi potro\u0161a\u010da, Kupac ima pravo u roku 14 dana od dana sklapanja ugovora, obavijesti rerunit.eu o tome da raskida ugovor.<\/p>\n<p>Pritom kupac nije obvezan navesti razlog svoje odluke. S obzirom na \u010dinjenicu da se radi o sklapanju ugovora o kupoprodaji na daljinu, rok po\u010dinje te\u0107i od dana kada je kupcu, roba koja \u010dini predmet ugovora, predana u posjed. Sukladno \u010dlanku 60. to\u010dka 10. i \u010dlanku 65. Zakona o za\u0161titi potro\u0161a\u010da, Kupac ima pravo na pristup obrascu za jednostrani raskid ugovora, a koji se nalazi u dijelu Podr\u0161ke kupcu odmah nakon Op\u0107ih uvjeta.<\/p>\n<p>Posljedice predmetnog raskida ugovora su takve da Kupac mora trgovini vratiti proizvod, a Igle.hr vra\u0107aju primljeni novac. Kupac mora vratiti proizvod koji nije no\u0161en odnosno na bilo koji drugi na\u010din upotrebljavan, nije o\u0161te\u0107en, te u nepromijenjenoj koli\u010dini, osim naravno ako je proizvod uni\u0161ten, izgubljen ili se njegova koli\u010dina smanjila, a bez krivnje kupca. Kupac ne smije upotrebljavati proizvode za vrijeme postupka raskida ugovora.<\/p>\n<p>Sukladno \u010dlanku 84. stavak 6. Zakona o za\u0161titi potro\u0161a\u010da, Kupac je odgovoran za svako umanjenje vrijednosti kupljenog proizvoda koje je rezultat rukovanja kupljenim proizvodom, osim onog koje bilo prijeko potrebno za utvr\u0111ivanje prirode, obilje\u017eja i funkcionalnosti robe \u0161to je odre\u0111eno kao obveza kupca u slu\u010daju jednostranog raskida ugovora. Jedini tro\u0161ak koji mo\u017ee nastati za kupca, a u vezi s jednostranim raskidom ugovora, je tro\u0161ak vra\u0107anja proizvoda. Proizvod je potrebno vratiti trgovcu najkasnije u roku 14 dana od dana slanja obavijesti o raskidu ugovora.<\/p>\n<p>rerunit.eu \u0107e u navedenom slu\u010daju izvr\u0161iti povrat novca u visini vrijednosti za pla\u0107ene proizvode koje su nazna\u010dene na ra\u010dunu. Navedeni se povrat novca vr\u0161i u najkra\u0107em mogu\u0107em roku, a najkasnije 14 dana po primitku obavijesti o raskidu ugovora ako roba jo\u0161 nije u posjedu Kupca, odnosno u najkra\u0107em roku, a najkasnije u roku 14 dana od primitka vra\u0107ene robe, ako je ista ve\u0107 do\u0161la u posjed Kupca. U slu\u010daju povrata robe, potrebno je prilo\u017eiti ra\u010dun. Nakon isteka propisanog roka od 14 dana, ne vra\u0107amo novac, a proizvode vra\u0107amo kupcu o njegovom tro\u0161ku.<\/p>\n<p>&nbsp;<\/p>\n<p><strong>REKLAMACIJE &#8211; obavijesti o materijalnim nedostacima stvari<\/strong><\/p>\n<p>Sukladno odredbama Zakona o obveznim odnosima du\u017eni ste nas obavijestiti o materijalnim nedostacima stvari. Ako prilikom prve uporabe utvrdite da je proizvod neispravan, ljubazno Vas molimo da nas kontaktirate na e-mail adresu <a href=\"mailto:rerun@rerunit.eu\">rerun@rerunit.eu<\/a><\/p>\n<p>U navedenom mailu, molimo Vas da nam po\u0161aljete broj narud\u017ebe, broj ra\u010duna s opisom nedostatka i slikom proizvoda, te opi\u0161ete pogre\u0161ku na proizvodu. U najkra\u0107em mogu\u0107em roku po primitku Va\u0161eg e-maila, poslat \u0107emo Vam potvrdu primitka reklamacije. U navedenoj situaciji, Zakonom o obveznim odnosima su pobli\u017ee odre\u0111ena prava i obveze Kupca i Prodavatelja u slu\u010daju materijalnih nedostataka stvari.<\/p>\n<p>Usvojiti \u0107emo Va\u0161 zahtjev ako je o\u010dita na\u0161a pogre\u0161ka kao na primjer:<\/p>\n<p>a) poslali smo Vam pogre\u0161nu veli\u010dinu robe- razli\u010ditu od one koju ste naru\u010dili<\/p>\n<p>b) pogre\u0161an broj komada- razli\u010dit od onog koji ste naru\u010dili<\/p>\n<p>c) fizi\u010dka o\u0161te\u0107enja tiska, ili same robe<\/p>\n<p>Temeljem va\u0161eg opisa, dat \u0107emo vam informaciju da li je mogu\u0107e proizvod popraviti, zamijeniti za novi, ili \u0107ete za proizvod dobiti povrat novca.<\/p>\n<p>&nbsp;<\/p>\n<p><strong>\u010cUVANJE OSOBNIH PODATAKA<\/strong><\/p>\n<p>Internet trgovina rerunit.eu poduzima mjere predostro\u017enosti radi za\u0161tite Va\u0161ih osobnih podataka i to u skladu sa Op\u0107om uredbom o za\u0161titi osobnih podataka ili GDPR (General Data Protection Regulation), te ostalim va\u017ee\u0107im propisima Republike Hrvatske.<\/p>\n<p>Korisnik je du\u017ean trgovcu navesti odre\u0111ene osobne podatke koji moraju biti istiniti i u ispravnom obliku. Tako\u0111er je du\u017ean obavijestiti trgovca i o promjeni tih podataka jer su va\u017eni za izvr\u0161enje cjelokupne ugovorne obveze.<\/p>\n<p>Pru\u017eanje osobnih podataka od strane Kupca je ugovorna obveza i podaci se obra\u0111uju u to\u010dno odre\u0111ene svrhe, navedene u spomenutoj Politici privatnosti. Iz navedenog razloga, ako nam ne omogu\u0107ite odre\u0111ene podatke, ne\u0107emo biti u mogu\u0107nosti ispuniti obvezu koja proizlazi iz narud\u017ebe. Va\u0161i osobni podaci se \u010duvaju samo u navedene svrhe i samo u propisanim rokovima.<\/p>\n<p><strong>\u00a0<\/strong><\/p>\n<p><strong>SADR\u017dAJ KOMERCIJALNOG PRIOP\u0106ENJA <\/strong><\/p>\n<p>Sukladno \u010dlanku 7. i kaznenim odredbama Zakona o elektroni\u010dkom priop\u0107enju davatelj usluga internet trgovine mora omogu\u0107iti da korisnik bude obavije\u0161ten o sadr\u017eaju i pravilima vezanim za komercijalno priop\u0107enje.<\/p>\n<p>Davatelj usluga du\u017ean je osigurati da svaki podatak iz komercijalnog priop\u0107enja, koji je dijelom ili u cijelosti usluga informacijskog dru\u0161tva, jasno i nedvosmisleno zadovoljava sljede\u0107e uvjete:<\/p>\n<p>\u2013 da je komercijalno priop\u0107enje mogu\u0107e kao takvo jasno identificirati u trenutku kada ga korisnik primi,<\/p>\n<p>\u2013 da je osobu u \u010dije je ime sastavljeno komercijalno priop\u0107enje mogu\u0107e jasno identificirati,<\/p>\n<p>\u2013 da svaki promotivni poziv za stavljanje ponude iz komercijalnog priop\u0107enja (uklju\u010duju\u0107i popuste )mora biti jasno identificiran kao takav,<\/p>\n<p>\u2013 da uvjeti koji se moraju ispunjavati za stavljanje ponude iz komercijalnog priop\u0107enja moraju biti lako dostupni, te predo\u010deni jasno i nedvosmisleno.<\/p>\n<p>NE\u017dELJENE ELEKTRONI\u010cKE KOMUNIKACIJE (NETRA\u017dENA KOMERCIJALNA PRIOP\u0106ENJA)<\/p>\n<p>\u010clanak 8. Zakona o elektroni\u010dkoj trgovini navodi kako kori\u0161tenje elektroni\u010dke po\u0161te u svrhu slanja ne\u017eeljene elektroni\u010dke komunikacije (ne tra\u017eenoga komercijalnog priop\u0107enja) dopu\u0161teno je samo uz prethodni pristanak osobe kojoj je takva vrsta komunikacije namijenjena, a u skladu sa zakonom kojim se ure\u0111uje podru\u010dje telekomunikacija (elektroni\u010dkih komunikacija<\/p>\n<p>&nbsp;<\/p>\n<p><strong>PRAVILA O KOLA\u010cI\u0106IMA<\/strong><\/p>\n<p>U svrhu ispravnog rada, stranica rerunit.eu mora na ra\u010dunalo korisnika spremiti manju koli\u010dina informacija (kola\u010di\u0107i). Sukladno odredbama pravila Europske unije, na\u0161a stranica mora od korisnika tra\u017eiti pristanak koji ozna\u010davate prije ulaska na na\u0161u stranicu. Trgovina rerunit.eu kola\u010di\u0107ima prikuplja i podatke koji vas mogu osobno identificirati tijekom posjeta internetskoj stranici, a sve u svrhu pru\u017eanja bolje funkcionalnosti i korisni\u010dkog iskustva, sigurnosti, nesmetanog rada internetske stranice i broja korisnika na internetskom mjestu.<\/p>\n<p>Trgovina rerunit.eu upotrebljava sljede\u0107e:<\/p>\n<p><strong>Potrebne kola\u010di\u0107e:<\/strong> klju\u010dni su i bez njih niti jedna internetska stranica ne\u0107e funkcionirati kako bi trebala. Postavljaju se kada pojedinac po\u0161alje obrazac, prijavi se ili interaktivno djeluje na internetskom mjestu klikom na jednostavne poveznice.<\/p>\n<p><strong>Analiti\u010dke kola\u010di\u0107e:<\/strong> Trgovina rerunit.eu analizira promet na svakoj internetskoj lokaciji kako bi pobolj\u0161ao korisni\u010dko iskustvo. Pojedinac prihva\u0107a kola\u010di\u0107 klikom na gumb na internetskom mjestu ili nastavljaju\u0107i aktivno pregledavanje internetskog mjesta nakon primitka obavijesti o kola\u010di\u0107ima.<\/p>\n<p><strong>Kola\u010di\u0107e na dru\u0161tvenim mre\u017eama<\/strong>: kola\u010di\u0107i na dru\u0161tvenim mre\u017eama omogu\u0107uju vam dijeljenje sadr\u017eaja internetskog mjesta na nekim dru\u0161tvenim mre\u017eama. Dodaci i alati tre\u0107ih strana koji se upotrebljavaju kao kola\u010di\u0107i omogu\u0107uju funkcioniranje, poma\u017eu nam analizirati koliko \u010desto posje\u0107ujete na\u0161e internetske stranice i kako se upotrebljavaju na\u0161e internetske stranice. Kako onemogu\u0107iti kola\u010di\u0107e Ako to \u017eelite, mo\u017eete onemogu\u0107iti spremanje kola\u010di\u0107a na Va\u0161e ra\u010dunalo ali morate imate na umu da blokiranje kola\u010di\u0107a ima negativan utjecaj na kori\u0161tenje internetske stranice. \u017delite li izbrisati ili onemogu\u0107iti kola\u010di\u0107e na svom ra\u010dunalu potrebno je a\u017eurirati postavke svog internetskog preglednika.<\/p>\n<p>&nbsp;<\/p>\n<p><strong>PRIGOVORI I POHVALE<\/strong><\/p>\n<p>U slu\u010daju bilo kakvog nezadovoljstva, korisnik mo\u017ee uputiti pisani prigovor na e-mail adresu <a href=\"mailto:rerun@rerunit.eu\">rerun@rerunit.eu<\/a> sukladno odredbama \u010dlanka 10. Zakona o za\u0161titi potro\u0161a\u010da.<\/p>\n<p>rerunit.eu \u0107e na prigovor odgovoriti putem e-maila u roku 15 dana od primitka prigovora. Na isti na\u010din nam mo\u017eete uputiti i svoje pohvale.<\/p>\n","protected":false},"excerpt":{"rendered":"<p>Naziv i skra\u0107eni naziv tvrtke; Puni naziv: Ani\u0107 Holding Plus d.o.o. za trgovinu i usluge Skra\u0107eni naziv: Ani\u0107 Holding Plus<\/p>\n","protected":false},"author":1,"featured_media":0,"parent":0,"menu_order":16,"comment_status":"closed","ping_status":"closed","template":"","meta":{"_monsterinsights_skip_tracking":false,"_monsterinsights_sitenote_active":false,"_monsterinsights_sitenote_note":"","_monsterinsights_sitenote_category":0,"footnotes":""},"class_list":["post-1642","page","type-page","status-publish","hentry"],"yoast_head":"<!-- This site is optimized with the Yoast SEO plugin v23.7 - https:\/\/yoast.com\/wordpress\/plugins\/seo\/ -->\n<title>Uvjeti poslovanja &#8211; Rerun<\/title>\n<meta name=\"robots\" content=\"noindex, nofollow\" \/>\n<meta property=\"og:locale\" content=\"hr_HR\" \/>\n<meta property=\"og:type\" content=\"article\" \/>\n<meta property=\"og:title\" content=\"Uvjeti poslovanja &#8211; Rerun\" \/>\n<meta property=\"og:description\" content=\"Naziv i skra\u0107eni naziv tvrtke; Puni naziv: Ani\u0107 Holding Plus d.o.o. za trgovinu i usluge Skra\u0107eni naziv: Ani\u0107 Holding Plus\" \/>\n<meta property=\"og:url\" content=\"https:\/\/rerunit.eu\/hr\/1642-2\/\" \/>\n<meta property=\"og:site_name\" content=\"Rerun\" \/>\n<meta property=\"article:modified_time\" content=\"2023-12-14T08:27:50+00:00\" \/>\n<meta name=\"twitter:card\" content=\"summary_large_image\" \/>\n<meta name=\"twitter:label1\" content=\"Procijenjeno vrijeme \u010ditanja\" \/>\n\t<meta name=\"twitter:data1\" content=\"10 minuta\" \/>\n<script type=\"application\/ld+json\" class=\"yoast-schema-graph\">{\"@context\":\"https:\/\/schema.org\",\"@graph\":[{\"@type\":\"WebPage\",\"@id\":\"https:\/\/rerunit.eu\/hr\/1642-2\/\",\"url\":\"https:\/\/rerunit.eu\/hr\/1642-2\/\",\"name\":\"Uvjeti poslovanja &#8211; Rerun\",\"isPartOf\":{\"@id\":\"https:\/\/rerunit.eu\/hr\/#website\"},\"datePublished\":\"2023-12-07T20:36:07+00:00\",\"dateModified\":\"2023-12-14T08:27:50+00:00\",\"breadcrumb\":{\"@id\":\"https:\/\/rerunit.eu\/hr\/1642-2\/#breadcrumb\"},\"inLanguage\":\"hr\",\"potentialAction\":[{\"@type\":\"ReadAction\",\"target\":[\"https:\/\/rerunit.eu\/hr\/1642-2\/\"]}]},{\"@type\":\"BreadcrumbList\",\"@id\":\"https:\/\/rerunit.eu\/hr\/1642-2\/#breadcrumb\",\"itemListElement\":[{\"@type\":\"ListItem\",\"position\":1,\"name\":\"Naslovna\",\"item\":\"https:\/\/rerunit.eu\/hr\/\"},{\"@type\":\"ListItem\",\"position\":2,\"name\":\"Uvjeti poslovanja\"}]},{\"@type\":\"WebSite\",\"@id\":\"https:\/\/rerunit.eu\/hr\/#website\",\"url\":\"https:\/\/rerunit.eu\/hr\/\",\"name\":\"Rerun\",\"description\":\"A story of rebirth, resilience and responsibility\",\"potentialAction\":[{\"@type\":\"SearchAction\",\"target\":{\"@type\":\"EntryPoint\",\"urlTemplate\":\"https:\/\/rerunit.eu\/hr\/?s={search_term_string}\"},\"query-input\":{\"@type\":\"PropertyValueSpecification\",\"valueRequired\":true,\"valueName\":\"search_term_string\"}}],\"inLanguage\":\"hr\"}]}<\/script>\n<!-- \/ Yoast SEO plugin. -->","yoast_head_json":{"title":"Uvjeti poslovanja &#8211; Rerun","robots":{"index":"noindex","follow":"nofollow"},"og_locale":"hr_HR","og_type":"article","og_title":"Uvjeti poslovanja &#8211; Rerun","og_description":"Naziv i skra\u0107eni naziv tvrtke; Puni naziv: Ani\u0107 Holding Plus d.o.o. za trgovinu i usluge Skra\u0107eni naziv: Ani\u0107 Holding Plus","og_url":"https:\/\/rerunit.eu\/hr\/1642-2\/","og_site_name":"Rerun","article_modified_time":"2023-12-14T08:27:50+00:00","twitter_card":"summary_large_image","twitter_misc":{"Procijenjeno vrijeme \u010ditanja":"10 minuta"},"schema":{"@context":"https:\/\/schema.org","@graph":[{"@type":"WebPage","@id":"https:\/\/rerunit.eu\/hr\/1642-2\/","url":"https:\/\/rerunit.eu\/hr\/1642-2\/","name":"Uvjeti poslovanja &#8211; Rerun","isPartOf":{"@id":"https:\/\/rerunit.eu\/hr\/#website"},"datePublished":"2023-12-07T20:36:07+00:00","dateModified":"2023-12-14T08:27:50+00:00","breadcrumb":{"@id":"https:\/\/rerunit.eu\/hr\/1642-2\/#breadcrumb"},"inLanguage":"hr","potentialAction":[{"@type":"ReadAction","target":["https:\/\/rerunit.eu\/hr\/1642-2\/"]}]},{"@type":"BreadcrumbList","@id":"https:\/\/rerunit.eu\/hr\/1642-2\/#breadcrumb","itemListElement":[{"@type":"ListItem","position":1,"name":"Naslovna","item":"https:\/\/rerunit.eu\/hr\/"},{"@type":"ListItem","position":2,"name":"Uvjeti poslovanja"}]},{"@type":"WebSite","@id":"https:\/\/rerunit.eu\/hr\/#website","url":"https:\/\/rerunit.eu\/hr\/","name":"Rerun","description":"A story of rebirth, resilience and responsibility","potentialAction":[{"@type":"SearchAction","target":{"@type":"EntryPoint","urlTemplate":"https:\/\/rerunit.eu\/hr\/?s={search_term_string}"},"query-input":{"@type":"PropertyValueSpecification","valueRequired":true,"valueName":"search_term_string"}}],"inLanguage":"hr"}]}},"_links":{"self":[{"href":"https:\/\/rerunit.eu\/hr\/wp-json\/wp\/v2\/pages\/1642"}],"collection":[{"href":"https:\/\/rerunit.eu\/hr\/wp-json\/wp\/v2\/pages"}],"about":[{"href":"https:\/\/rerunit.eu\/hr\/wp-json\/wp\/v2\/types\/page"}],"author":[{"embeddable":true,"href":"https:\/\/rerunit.eu\/hr\/wp-json\/wp\/v2\/users\/1"}],"replies":[{"embeddable":true,"href":"https:\/\/rerunit.eu\/hr\/wp-json\/wp\/v2\/comments?post=1642"}],"version-history":[{"count":3,"href":"https:\/\/rerunit.eu\/hr\/wp-json\/wp\/v2\/pages\/1642\/revisions"}],"predecessor-version":[{"id":1647,"href":"https:\/\/rerunit.eu\/hr\/wp-json\/wp\/v2\/pages\/1642\/revisions\/1647"}],"wp:attachment":[{"href":"https:\/\/rerunit.eu\/hr\/wp-json\/wp\/v2\/media?parent=1642"}],"curies":[{"name":"wp","href":"https:\/\/api.w.org\/{rel}","templated":true}]}}