{"id":1626,"date":"2023-10-29T15:09:25","date_gmt":"2023-10-29T13:09:25","guid":{"rendered":"https:\/\/rerunit.eu\/product\/billy\/"},"modified":"2024-02-08T22:00:19","modified_gmt":"2024-02-08T20:00:19","slug":"billy","status":"publish","type":"product","link":"https:\/\/rerunit.eu\/hr\/proizvod\/billy\/","title":{"rendered":"Billy"},"content":{"rendered":"","protected":false},"excerpt":{"rendered":"<p><strong>Kupnjom Rerun proizvoda isklju\u010divo potpoma\u017eete donacije hitnim slu\u017ebama. Svi prihodi su direktno usmjereni u izradu i \u0161ivanje opreme koju slu\u017ebe svakodnevno koriste na terenu. <\/strong><\/p>\n<p><span style=\"font-weight: 200;\">Upoznajte Billyja, na\u0161u iznimnu futrolu za laptop koja pri\u010da pri\u010du \u2013 na\u0161e futrole izra\u0111ene su od recikliranih reklamnih platna s kapacitetom za 15-in\u010dna prijenosna ra\u010dunala. Billy pru\u017ea sigurnu za\u0161titu va\u0161em vrijednom ure\u0111aju istovremeno pridonose\u0107i odr\u017eivijem svijetu.  <\/span><\/p>\n<p>Dimenzije: 41 x 29 cm<\/p>\n<p>Materijali: reciklirani PVC &amp; eko-mat crna ko\u017ea<\/p>\n<p>Boja: Slike su simboli\u010dne, a boja proizvoda ovisi o boji trenutno recikliranih platna. Navedite \u017eeljenu boju kao napomenu prilikom naru\u010divanja. Proizvod je vi\u0161ebojan, a va\u0161a \u017eeljena boja ozna\u010dava prevladavaju\u0107u boju proizvoda.  <\/p>\n","protected":false},"featured_media":1697,"template":"","meta":{"_monsterinsights_skip_tracking":false,"_monsterinsights_sitenote_active":false,"_monsterinsights_sitenote_note":"","_monsterinsights_sitenote_category":0},"product_cat":[64],"product_tag":[],"class_list":{"0":"post-1626","1":"product","2":"type-product","3":"status-publish","4":"has-post-thumbnail","6":"product_cat-everyday-hr","8":"first","9":"instock","10":"taxable","11":"shipping-taxable","12":"purchasable","13":"product-type-simple"},"yoast_head":"<!-- This site is optimized with the Yoast SEO plugin v23.7 - https:\/\/yoast.com\/wordpress\/plugins\/seo\/ -->\n<title>Billy &#8211; Rerun<\/title>\n<meta name=\"description\" content=\"Rerun \u2013 gdje kupnjom direktno doprinosite proizvodnji i doniranju opreme za spa\u0161avanje. Naru\u010dite Billy i pridru\u017eite se Rerun inicijativi!\" \/>\n<meta name=\"robots\" content=\"index, follow, max-snippet:-1, max-image-preview:large, max-video-preview:-1\" \/>\n<link rel=\"canonical\" href=\"https:\/\/rerunit.eu\/hr\/proizvod\/billy\/\" \/>\n<meta property=\"og:locale\" content=\"hr_HR\" \/>\n<meta property=\"og:type\" content=\"article\" \/>\n<meta property=\"og:title\" content=\"Billy &#8211; Rerun\" \/>\n<meta property=\"og:description\" content=\"Rerun \u2013 gdje kupnjom direktno doprinosite proizvodnji i doniranju opreme za spa\u0161avanje. Naru\u010dite Billy i pridru\u017eite se Rerun inicijativi!\" \/>\n<meta property=\"og:url\" content=\"https:\/\/rerunit.eu\/hr\/proizvod\/billy\/\" \/>\n<meta property=\"og:site_name\" content=\"Rerun\" \/>\n<meta property=\"article:modified_time\" content=\"2024-02-08T20:00:19+00:00\" \/>\n<meta property=\"og:image\" content=\"https:\/\/rerunit.eu\/wp-content\/uploads\/Billy-Rerun-1.webp\" \/>\n\t<meta property=\"og:image:width\" content=\"1200\" \/>\n\t<meta property=\"og:image:height\" content=\"1200\" \/>\n\t<meta property=\"og:image:type\" content=\"image\/webp\" \/>\n<meta name=\"twitter:card\" content=\"summary_large_image\" \/>\n<script type=\"application\/ld+json\" class=\"yoast-schema-graph\">{\"@context\":\"https:\/\/schema.org\",\"@graph\":[{\"@type\":\"WebPage\",\"@id\":\"https:\/\/rerunit.eu\/hr\/proizvod\/billy\/\",\"url\":\"https:\/\/rerunit.eu\/hr\/proizvod\/billy\/\",\"name\":\"Billy &#8211; Rerun\",\"isPartOf\":{\"@id\":\"https:\/\/rerunit.eu\/hr\/#website\"},\"primaryImageOfPage\":{\"@id\":\"https:\/\/rerunit.eu\/hr\/proizvod\/billy\/#primaryimage\"},\"image\":{\"@id\":\"https:\/\/rerunit.eu\/hr\/proizvod\/billy\/#primaryimage\"},\"thumbnailUrl\":\"https:\/\/rerunit.eu\/wp-content\/uploads\/Billy-Rerun-1.webp\",\"datePublished\":\"2023-10-29T13:09:25+00:00\",\"dateModified\":\"2024-02-08T20:00:19+00:00\",\"description\":\"Rerun \u2013 gdje kupnjom direktno doprinosite proizvodnji i doniranju opreme za spa\u0161avanje. Naru\u010dite Billy i pridru\u017eite se Rerun inicijativi!\",\"breadcrumb\":{\"@id\":\"https:\/\/rerunit.eu\/hr\/proizvod\/billy\/#breadcrumb\"},\"inLanguage\":\"hr\",\"potentialAction\":[{\"@type\":\"ReadAction\",\"target\":[\"https:\/\/rerunit.eu\/hr\/proizvod\/billy\/\"]}]},{\"@type\":\"ImageObject\",\"inLanguage\":\"hr\",\"@id\":\"https:\/\/rerunit.eu\/hr\/proizvod\/billy\/#primaryimage\",\"url\":\"https:\/\/rerunit.eu\/wp-content\/uploads\/Billy-Rerun-1.webp\",\"contentUrl\":\"https:\/\/rerunit.eu\/wp-content\/uploads\/Billy-Rerun-1.webp\",\"width\":1200,\"height\":1200},{\"@type\":\"BreadcrumbList\",\"@id\":\"https:\/\/rerunit.eu\/hr\/proizvod\/billy\/#breadcrumb\",\"itemListElement\":[{\"@type\":\"ListItem\",\"position\":1,\"name\":\"Naslovna\",\"item\":\"https:\/\/rerunit.eu\/hr\/\"},{\"@type\":\"ListItem\",\"position\":2,\"name\":\"Shop\",\"item\":\"https:\/\/rerunit.eu\/hr\/shop-hr\/\"},{\"@type\":\"ListItem\",\"position\":3,\"name\":\"Billy\"}]},{\"@type\":\"WebSite\",\"@id\":\"https:\/\/rerunit.eu\/hr\/#website\",\"url\":\"https:\/\/rerunit.eu\/hr\/\",\"name\":\"Rerun\",\"description\":\"A story of rebirth, resilience and responsibility\",\"potentialAction\":[{\"@type\":\"SearchAction\",\"target\":{\"@type\":\"EntryPoint\",\"urlTemplate\":\"https:\/\/rerunit.eu\/hr\/?s={search_term_string}\"},\"query-input\":{\"@type\":\"PropertyValueSpecification\",\"valueRequired\":true,\"valueName\":\"search_term_string\"}}],\"inLanguage\":\"hr\"}]}<\/script>\n<!-- \/ Yoast SEO plugin. -->","yoast_head_json":{"title":"Billy &#8211; Rerun","description":"Rerun \u2013 gdje kupnjom direktno doprinosite proizvodnji i doniranju opreme za spa\u0161avanje. Naru\u010dite Billy i pridru\u017eite se Rerun inicijativi!","robots":{"index":"index","follow":"follow","max-snippet":"max-snippet:-1","max-image-preview":"max-image-preview:large","max-video-preview":"max-video-preview:-1"},"canonical":"https:\/\/rerunit.eu\/hr\/proizvod\/billy\/","og_locale":"hr_HR","og_type":"article","og_title":"Billy &#8211; Rerun","og_description":"Rerun \u2013 gdje kupnjom direktno doprinosite proizvodnji i doniranju opreme za spa\u0161avanje. Naru\u010dite Billy i pridru\u017eite se Rerun inicijativi!","og_url":"https:\/\/rerunit.eu\/hr\/proizvod\/billy\/","og_site_name":"Rerun","article_modified_time":"2024-02-08T20:00:19+00:00","og_image":[{"width":1200,"height":1200,"url":"https:\/\/rerunit.eu\/wp-content\/uploads\/Billy-Rerun-1.webp","type":"image\/webp"}],"twitter_card":"summary_large_image","schema":{"@context":"https:\/\/schema.org","@graph":[{"@type":"WebPage","@id":"https:\/\/rerunit.eu\/hr\/proizvod\/billy\/","url":"https:\/\/rerunit.eu\/hr\/proizvod\/billy\/","name":"Billy &#8211; Rerun","isPartOf":{"@id":"https:\/\/rerunit.eu\/hr\/#website"},"primaryImageOfPage":{"@id":"https:\/\/rerunit.eu\/hr\/proizvod\/billy\/#primaryimage"},"image":{"@id":"https:\/\/rerunit.eu\/hr\/proizvod\/billy\/#primaryimage"},"thumbnailUrl":"https:\/\/rerunit.eu\/wp-content\/uploads\/Billy-Rerun-1.webp","datePublished":"2023-10-29T13:09:25+00:00","dateModified":"2024-02-08T20:00:19+00:00","description":"Rerun \u2013 gdje kupnjom direktno doprinosite proizvodnji i doniranju opreme za spa\u0161avanje. Naru\u010dite Billy i pridru\u017eite se Rerun inicijativi!","breadcrumb":{"@id":"https:\/\/rerunit.eu\/hr\/proizvod\/billy\/#breadcrumb"},"inLanguage":"hr","potentialAction":[{"@type":"ReadAction","target":["https:\/\/rerunit.eu\/hr\/proizvod\/billy\/"]}]},{"@type":"ImageObject","inLanguage":"hr","@id":"https:\/\/rerunit.eu\/hr\/proizvod\/billy\/#primaryimage","url":"https:\/\/rerunit.eu\/wp-content\/uploads\/Billy-Rerun-1.webp","contentUrl":"https:\/\/rerunit.eu\/wp-content\/uploads\/Billy-Rerun-1.webp","width":1200,"height":1200},{"@type":"BreadcrumbList","@id":"https:\/\/rerunit.eu\/hr\/proizvod\/billy\/#breadcrumb","itemListElement":[{"@type":"ListItem","position":1,"name":"Naslovna","item":"https:\/\/rerunit.eu\/hr\/"},{"@type":"ListItem","position":2,"name":"Shop","item":"https:\/\/rerunit.eu\/hr\/shop-hr\/"},{"@type":"ListItem","position":3,"name":"Billy"}]},{"@type":"WebSite","@id":"https:\/\/rerunit.eu\/hr\/#website","url":"https:\/\/rerunit.eu\/hr\/","name":"Rerun","description":"A story of rebirth, resilience and responsibility","potentialAction":[{"@type":"SearchAction","target":{"@type":"EntryPoint","urlTemplate":"https:\/\/rerunit.eu\/hr\/?s={search_term_string}"},"query-input":{"@type":"PropertyValueSpecification","valueRequired":true,"valueName":"search_term_string"}}],"inLanguage":"hr"}]}},"_links":{"self":[{"href":"https:\/\/rerunit.eu\/hr\/wp-json\/wp\/v2\/product\/1626"}],"collection":[{"href":"https:\/\/rerunit.eu\/hr\/wp-json\/wp\/v2\/product"}],"about":[{"href":"https:\/\/rerunit.eu\/hr\/wp-json\/wp\/v2\/types\/product"}],"wp:featuredmedia":[{"embeddable":true,"href":"https:\/\/rerunit.eu\/hr\/wp-json\/wp\/v2\/media\/1697"}],"wp:attachment":[{"href":"https:\/\/rerunit.eu\/hr\/wp-json\/wp\/v2\/media?parent=1626"}],"wp:term":[{"taxonomy":"product_cat","embeddable":true,"href":"https:\/\/rerunit.eu\/hr\/wp-json\/wp\/v2\/product_cat?post=1626"},{"taxonomy":"product_tag","embeddable":true,"href":"https:\/\/rerunit.eu\/hr\/wp-json\/wp\/v2\/product_tag?post=1626"}],"curies":[{"name":"wp","href":"https:\/\/api.w.org\/{rel}","templated":true}]}}